{"id":1059,"date":"2016-10-13T09:22:32","date_gmt":"2016-10-13T07:22:32","guid":{"rendered":"http:\/\/www.gesw.de\/?page_id=1059"},"modified":"2017-06-27T14:34:27","modified_gmt":"2017-06-27T12:34:27","slug":"forum-europa","status":"publish","type":"page","link":"https:\/\/www.gesw.de\/index.php\/unsere-publikationen\/forum-europa\/","title":{"rendered":"Forum Europa"},"content":{"rendered":"<p><strong>\u201eOne Day in the New EU-rope (28-1)\u201c&nbsp; \u2013 \u00f6konomische und politische Entwicklungen in den ostmittel- und s\u00fcdosteurop\u00e4ischen EU-Mitgliedstaaten und die Zukunft EU-ropas<br \/>\n<\/strong>Dr. Gerhard Sch\u00fcsselbauer<br \/>\nGesamteurop\u00e4isches Studienwerk e.V. Vlotho<strong><br \/>\n<\/strong><\/p>\n<p><a href=\"http:\/\/www.gesw.de\/uploads\/pdficon.png\" data-rel=\"lightbox-image-0\" data-imagelightbox=\"0\" data-rl_title=\"\" data-rl_caption=\"\" title=\"\"><img loading=\"lazy\" decoding=\"async\" class=\"alignnone size-full wp-image-1060\" src=\"http:\/\/www.gesw.de\/uploads\/pdficon.png\" alt=\"pdficon\" width=\"35\" height=\"35\"><\/a><a href=\"http:\/\/www.gesw.de\/uploads\/EU(28-1)-2016.pdf\">One Day in the New EU-rope<\/a><\/p>\n<p><strong>Politische Jugendbildung in Europa<\/strong><br \/>\nGerhard Sch\u00fcsselbauer\/Michael Walter<\/p>\n<p><a href=\"http:\/\/www.gesw.de\/uploads\/pdficon.png\" data-rel=\"lightbox-image-0\" data-imagelightbox=\"0\" data-rl_title=\"\" data-rl_caption=\"\" title=\"\"><img loading=\"lazy\" decoding=\"async\" class=\"alignnone size-full wp-image-1060\" src=\"http:\/\/www.gesw.de\/uploads\/pdficon.png\" alt=\"pdficon\" width=\"35\" height=\"35\"><\/a><a href=\"http:\/\/www.gesw.de\/uploads\/Politische-Bildung-in-und-fuer-Europa.pdf\">Politische Jugendbildung in Europa<\/a><\/p>\n","protected":false},"excerpt":{"rendered":"<p>\u201eOne Day in the New EU-rope (28-1)\u201c&nbsp; \u2013 \u00f6konomische und politische Entwicklungen in den ostmittel- und s\u00fcdosteurop\u00e4ischen EU-Mitgliedstaaten und die Zukunft EU-ropas Dr. Gerhard Sch\u00fcsselbauer Gesamteurop\u00e4isches Studienwerk e.V. Vlotho One Day in the New EU-rope Politische Jugendbildung in Europa Gerhard Sch\u00fcsselbauer\/Michael Walter Politische Jugendbildung in Europa<\/p>\n","protected":false},"author":1,"featured_media":0,"parent":53,"menu_order":2,"comment_status":"open","ping_status":"open","template":"","meta":{"ngg_post_thumbnail":0,"generate_page_header":"","footnotes":""},"class_list":["post-1059","page","type-page","status-publish"],"_links":{"self":[{"href":"https:\/\/www.gesw.de\/index.php\/wp-json\/wp\/v2\/pages\/1059","targetHints":{"allow":["GET"]}}],"collection":[{"href":"https:\/\/www.gesw.de\/index.php\/wp-json\/wp\/v2\/pages"}],"about":[{"href":"https:\/\/www.gesw.de\/index.php\/wp-json\/wp\/v2\/types\/page"}],"author":[{"embeddable":true,"href":"https:\/\/www.gesw.de\/index.php\/wp-json\/wp\/v2\/users\/1"}],"replies":[{"embeddable":true,"href":"https:\/\/www.gesw.de\/index.php\/wp-json\/wp\/v2\/comments?post=1059"}],"version-history":[{"count":7,"href":"https:\/\/www.gesw.de\/index.php\/wp-json\/wp\/v2\/pages\/1059\/revisions"}],"predecessor-version":[{"id":1715,"href":"https:\/\/www.gesw.de\/index.php\/wp-json\/wp\/v2\/pages\/1059\/revisions\/1715"}],"up":[{"embeddable":true,"href":"https:\/\/www.gesw.de\/index.php\/wp-json\/wp\/v2\/pages\/53"}],"wp:attachment":[{"href":"https:\/\/www.gesw.de\/index.php\/wp-json\/wp\/v2\/media?parent=1059"}],"curies":[{"name":"wp","href":"https:\/\/api.w.org\/{rel}","templated":true}]}}