{"id":1077,"date":"2016-12-15T18:42:25","date_gmt":"2016-12-15T16:42:25","guid":{"rendered":"http:\/\/www.gesw.de\/?page_id=1077"},"modified":"2021-07-13T14:53:58","modified_gmt":"2021-07-13T12:53:58","slug":"seminarberichte","status":"publish","type":"page","link":"https:\/\/www.gesw.de\/index.php\/unsere-publikationen\/seminarberichte\/","title":{"rendered":"Seminarberichte"},"content":{"rendered":"<p>Hier bieten wir unseren BesucherInnen und Besuchern die M\u00f6glichkeit, anhand konkreter Seminarberichte einen tieferen Einblick in einzelne, ausgew\u00e4hlte Projekte zu gewinnen:<\/p>\n<ul>\n<li><a href=\"https:\/\/www.gesw.de\/uploads\/Devotional-Humans-Vlotho-Bericht-Webseite.pdf\">Deutsch-bosnisch-rum\u00e4nischer Jugendaustausch 2018 (Teil 1 in Vlotho)<\/a><\/li>\n<li><a title=\"Deutsch-tunesischer Jugendaustausch 2016\" href=\"https:\/\/www.gesw.de\/uploads\/2016_Bericht_Tunesien.pdf\" target=\"_blank\" rel=\"noopener\">Deutsch-tunesischer Jugendaustausch 2016<\/a><\/li>\n<li><a href=\"https:\/\/www.gesw.de\/uploads\/2017_Bericht_Tunesien.pdf\">Deutsch-tunesischer Jugendaustausch 2017<\/a><\/li>\n<li><a href=\"https:\/\/www.gesw.de\/uploads\/D_TN_Bericht_2018.pdf\">Deutsch-tunesischer Jugendaustausch 2018<\/a><\/li>\n<li><a href=\"https:\/\/www.gesw.de\/uploads\/D_TN_Bericht_2019.pdf\">Deutsch-tunesischer Jugendaustausch 2019<\/a><\/li>\n<li><a href=\"http:\/\/www.gesw.de\/uploads\/PASCH_2017_Sachbericht_GESW_Homepage.pdf\">Fortbildungskurs f\u00fcr Lehrkr\u00e4fte Deutsch als Fremdsprache:<br \/>\n&#8222;Schulen: Partner der Zukunft&#8220; 2017<\/a><\/li>\n<li><a href=\"https:\/\/www.gesw.de\/uploads\/D-GR-I_Bericht_2019.pdf\">Deutsch-griechisch-italienischer Jugendaustausch 2019<\/a><\/li>\n<\/ul>\n","protected":false},"excerpt":{"rendered":"<p>Hier bieten wir unseren BesucherInnen und Besuchern die M\u00f6glichkeit, anhand konkreter Seminarberichte einen tieferen Einblick in einzelne, ausgew\u00e4hlte Projekte zu gewinnen: Deutsch-bosnisch-rum\u00e4nischer Jugendaustausch 2018 (Teil 1 in Vlotho) Deutsch-tunesischer Jugendaustausch 2016 Deutsch-tunesischer Jugendaustausch 2017 Deutsch-tunesischer Jugendaustausch 2018 Deutsch-tunesischer Jugendaustausch 2019 Fortbildungskurs f\u00fcr Lehrkr\u00e4fte Deutsch als Fremdsprache: &#8222;Schulen: Partner der Zukunft&#8220; 2017 Deutsch-griechisch-italienischer Jugendaustausch 2019<\/p>\n","protected":false},"author":3,"featured_media":0,"parent":53,"menu_order":4,"comment_status":"open","ping_status":"open","template":"","meta":{"ngg_post_thumbnail":0,"generate_page_header":"","footnotes":""},"class_list":["post-1077","page","type-page","status-publish"],"_links":{"self":[{"href":"https:\/\/www.gesw.de\/index.php\/wp-json\/wp\/v2\/pages\/1077","targetHints":{"allow":["GET"]}}],"collection":[{"href":"https:\/\/www.gesw.de\/index.php\/wp-json\/wp\/v2\/pages"}],"about":[{"href":"https:\/\/www.gesw.de\/index.php\/wp-json\/wp\/v2\/types\/page"}],"author":[{"embeddable":true,"href":"https:\/\/www.gesw.de\/index.php\/wp-json\/wp\/v2\/users\/3"}],"replies":[{"embeddable":true,"href":"https:\/\/www.gesw.de\/index.php\/wp-json\/wp\/v2\/comments?post=1077"}],"version-history":[{"count":11,"href":"https:\/\/www.gesw.de\/index.php\/wp-json\/wp\/v2\/pages\/1077\/revisions"}],"predecessor-version":[{"id":3733,"href":"https:\/\/www.gesw.de\/index.php\/wp-json\/wp\/v2\/pages\/1077\/revisions\/3733"}],"up":[{"embeddable":true,"href":"https:\/\/www.gesw.de\/index.php\/wp-json\/wp\/v2\/pages\/53"}],"wp:attachment":[{"href":"https:\/\/www.gesw.de\/index.php\/wp-json\/wp\/v2\/media?parent=1077"}],"curies":[{"name":"wp","href":"https:\/\/api.w.org\/{rel}","templated":true}]}}