{"id":117,"date":"2010-09-15T11:34:19","date_gmt":"2010-09-15T09:34:19","guid":{"rendered":"http:\/\/www.gesw.de\/?page_id=117"},"modified":"2023-06-02T12:56:42","modified_gmt":"2023-06-02T10:56:42","slug":"seminarraeume","status":"publish","type":"page","link":"https:\/\/www.gesw.de\/index.php\/unser-haus\/seminarraeume\/","title":{"rendered":"Seminarr\u00e4ume"},"content":{"rendered":"<p style=\"text-align: left;\">ngg_shortcode_0_placeholder<\/p>\n<p>Im Haus Warszawa befinden sich neben der Verwaltung unsere Tagungsr\u00e4ume. Neben unseren eigenen Angeboten im Rahmen der politischen Jugend- und Erwachsenenbildung werden die R\u00e4umlichkeiten auch gerne von G\u00e4sten genutzt. Sie eignen sich f\u00fcr Seminare und Tagungen, aber auch f\u00fcr Musikgruppen als Probenr\u00e4ume. Im Seminargeb\u00e4ude gibt es selbstverst\u00e4ndlich WLAN.<\/p>\n<p>In der 1. Etage befinden sich&nbsp;<strong>zwei H\u00f6rs\u00e4le<\/strong>&nbsp;mit fest installierten Beamern und Leinw\u00e4nden, DVD- und VHS-Playern und Lautsprecheranlagen. Der gro\u00dfe H\u00f6rsaal bietet Platz f\u00fcr bis zu 65 Personen und eignet sich f\u00fcr Impulsvortr\u00e4ge mit gro\u00dfen Gruppen sowie Rollen- und Planspiele, die viel Platz erfordern. Der kleine H\u00f6rsaal kann von bis zu 25 Personen genutzt werden. Hier k\u00f6nnen kleinere Gruppen in Vortrags- und Workshopformaten miteinander arbeiten.<\/p>\n<p>Zudem befindet sich auf der gleichen Etage <strong>ein Seminarraum<\/strong>&nbsp;f\u00fcr bis zu 15 Personen. Der Raum bietet reichlich Platz f\u00fcr Gruppenarbeiten.<\/p>\n<p>Im 2. Obergeschoss befindet sich ein weiterer <strong>Tagungsraum<\/strong> f\u00fcr bis zu 30 Personen. Hier l\u00e4sst sich bei Bedarf ebenfalls ein Beamer einrichten, eine Leinwand ist vorhanden. Der Raum ist ebenso wie die H\u00f6rs\u00e4le und der Computerraum f\u00fcr Gruppenarbeiten geeignet.<\/p>\n<p>Alle R\u00e4ume sind mit Tafeln, Flipchartst\u00e4ndern mit Flipchartpapier und Pinn- oder Stellw\u00e4nden ausgestattet.<\/p>\n<p>Wenn gro\u00dfe Seminargruppen in kleine Arbeitsgruppen aufgeteilt werden, bieten auch das Foyer und der Zwischenraum im 1. Obergeschoss Raum f\u00fcr Gruppen bis zu 10 Personen.<\/p>\nngg_shortcode_1_placeholder\n<p><strong>Technische Ausstattung im \u00dcberblick<br \/>\n<\/strong><\/p>\n<ul>\n<li>f\u00fcnf iPad sowie drei AppleTV<\/li>\n<li>drei Beamer inkl. gro\u00dfer Leinw\u00e4nde (zwei davon fest installiert)<\/li>\n<li>DVD- und VHS-Player sowie Lautsprecheranlagen in zwei R\u00e4umen fest installiert<\/li>\n<li>Fernseher auf Rollwagen<\/li>\n<li>zwei digitale HD-Camcorder inkl. Stative<\/li>\n<li>Notebook f\u00fcr den mobilen Einsatz<\/li>\n<li>Tageslichtprojektoren<\/li>\n<li>Stellw\u00e4nde, Pinnw\u00e4nde, Whiteboards<\/li>\n<li>Moderatoren-Koffer<\/li>\n<\/ul>\n","protected":false},"excerpt":{"rendered":"<p>Im Haus Warszawa befinden sich neben der Verwaltung unsere Tagungsr\u00e4ume. Neben unseren eigenen Angeboten im Rahmen der politischen Jugend- und Erwachsenenbildung werden die R\u00e4umlichkeiten auch gerne von G\u00e4sten genutzt. Sie eignen sich f\u00fcr Seminare und Tagungen, aber auch f\u00fcr Musikgruppen als Probenr\u00e4ume. Im Seminargeb\u00e4ude gibt es selbstverst\u00e4ndlich WLAN. In der 1. Etage befinden sich&nbsp;zwei H\u00f6rs\u00e4le&nbsp;mit &#8230; <a title=\"Seminarr\u00e4ume\" class=\"read-more\" href=\"https:\/\/www.gesw.de\/index.php\/unser-haus\/seminarraeume\/\" aria-label=\"Mehr Informationen \u00fcber Seminarr\u00e4ume\">Weiterlesen<\/a><\/p>\n","protected":false},"author":1,"featured_media":0,"parent":2,"menu_order":1,"comment_status":"closed","ping_status":"open","template":"","meta":{"ngg_post_thumbnail":0,"generate_page_header":"","footnotes":""},"class_list":["post-117","page","type-page","status-publish"],"_links":{"self":[{"href":"https:\/\/www.gesw.de\/index.php\/wp-json\/wp\/v2\/pages\/117","targetHints":{"allow":["GET"]}}],"collection":[{"href":"https:\/\/www.gesw.de\/index.php\/wp-json\/wp\/v2\/pages"}],"about":[{"href":"https:\/\/www.gesw.de\/index.php\/wp-json\/wp\/v2\/types\/page"}],"author":[{"embeddable":true,"href":"https:\/\/www.gesw.de\/index.php\/wp-json\/wp\/v2\/users\/1"}],"replies":[{"embeddable":true,"href":"https:\/\/www.gesw.de\/index.php\/wp-json\/wp\/v2\/comments?post=117"}],"version-history":[{"count":40,"href":"https:\/\/www.gesw.de\/index.php\/wp-json\/wp\/v2\/pages\/117\/revisions"}],"predecessor-version":[{"id":4332,"href":"https:\/\/www.gesw.de\/index.php\/wp-json\/wp\/v2\/pages\/117\/revisions\/4332"}],"up":[{"embeddable":true,"href":"https:\/\/www.gesw.de\/index.php\/wp-json\/wp\/v2\/pages\/2"}],"wp:attachment":[{"href":"https:\/\/www.gesw.de\/index.php\/wp-json\/wp\/v2\/media?parent=117"}],"curies":[{"name":"wp","href":"https:\/\/api.w.org\/{rel}","templated":true}]}}