{"id":1492,"date":"2017-06-08T10:27:44","date_gmt":"2017-06-08T08:27:44","guid":{"rendered":"http:\/\/www.gesw.de\/?page_id=1492"},"modified":"2025-02-10T22:36:57","modified_gmt":"2025-02-10T20:36:57","slug":"deutsche-geschichte-politik","status":"publish","type":"page","link":"https:\/\/www.gesw.de\/index.php\/unsere-seminare\/deutsche-geschichte-politik\/","title":{"rendered":"Deutsche Geschichte und Politik"},"content":{"rendered":"\n<p>&#8222;Was hat das mit mir zu tun?&#8220; Ein historisches Bewusstsein bei jungen Menschen zu schaffen ist ein wichtiger Bestandteil politischer Bildung. Aus der Geschichte ergibt sich gesellschaftliche Verantwortung. Gleichzeitig zeigt sie Handlungsm\u00f6glichkeiten f\u00fcr die Gestaltung einer lebenswerten Gesellschaft auf.<\/p>\n\n\n<div class=\"wp-block-image\">\n<figure class=\"alignleft\"><a href=\"http:\/\/www.gesw.de\/uploads\/Fotolia_88900787_M.jpg\" data-rel=\"lightbox-image-0\" data-imagelightbox=\"0\" data-rl_title=\"\" data-rl_caption=\"\" title=\"\"><img loading=\"lazy\" decoding=\"async\" width=\"300\" height=\"200\" src=\"http:\/\/www.gesw.de\/uploads\/Fotolia_88900787_M-300x200.jpg\" alt=\"\" class=\"wp-image-1028\" srcset=\"https:\/\/www.gesw.de\/uploads\/Fotolia_88900787_M-300x200.jpg 300w, https:\/\/www.gesw.de\/uploads\/Fotolia_88900787_M-1024x683.jpg 1024w, https:\/\/www.gesw.de\/uploads\/Fotolia_88900787_M.jpg 1687w\" sizes=\"auto, (max-width: 300px) 100vw, 300px\" \/><\/a><\/figure>\n<\/div>\n\n\n<p>Unsere Seminare vermitteln nicht nur Informationen \u00fcber Ereignisse und Daten. Jugendliche und junge Erwachsene werden vielmehr angeregt, ihr Faktenwissen zur reflektieren und es in Bezug zu ihrer Lebenswirklichkeit zu setzen. Es ist das Ziel unserer Bildungsarbeit, politische, wirtschaftliche und gesellschaftliche Entwicklungen in Deutschland und Europa im 20. Jahrhundert, insbesondere die <strong>Erfahrungen mit Diktatur, Krieg, Anpassung und Widerstand<\/strong>, problemorientiert und gegenwartsbezogen aufzuarbeiten.<\/p>\n\n\n\n<p>Wir arbeiten mit Impulsvortr\u00e4gen, Diskussionen und kreativen, gestaltenden Gruppenaktivit\u00e4ten. Au\u00dferdem vermitteln wir auf Wunsch Gespr\u00e4che mit DDR-<strong>Zeitzeug*innen<\/strong>. Diese werden von den Teilnehmenden selbst vorbereitet und in Eigenregie durchgef\u00fchrt. In solchen Begegnungen k\u00f6nnen die Auswirkung der &#8218;gro\u00dfen Geschichte&#8216; auf das Leben &#8218;kleiner Leute&#8216; f\u00fcr die Jugendlichen erfahrbar werden.<\/p>\n\n\n\n<p>Diese Seminare k\u00f6nnen auch mit <a href=\"http:\/\/www.gesw.de\/index.php\/unsere-seminare\/studienfahrten\/\"><strong>Studienfahrten<\/strong> <\/a>nach Berlin kombiniert werden.<\/p>\n\n\n\n<ul class=\"wp-block-list\">\n<li>Kursseminar \u201eUnsere Demokratie im Fokus\u201c: 2 Tage, 2 \u00dcbernachtungen in Vlotho <a href=\"https:\/\/www.gesw.de\/uploads\/Unsere-Demokratie-im-Fokus.pdf\">(Muster)<\/a><\/li>\n\n\n\n<li>Kurzseminar &#8222;Zwei Staaten in Deutschland&#8220; mit Zeitzeugengespr\u00e4ch: 2 Tage, 2 \u00dcbernachtungen in Vlotho <a href=\"https:\/\/www.gesw.de\/uploads\/Zwei-deutsche-Staaten-9.pdf\">(Muster)<\/a><\/li>\n\n\n\n<li>Kurzseminar &#8222;Europ\u00e4ische Epochenjahre&#8220;: 2 Tage, 2 \u00dcbernachtungen in Vlotho <a href=\"https:\/\/www.gesw.de\/uploads\/Europaeische-Epochenjahre-2.pdf\">(Muster)<\/a><\/li>\n\n\n\n<li>Kurzseminar \u201eEs war einmal in Europa\u201c: 2 Tage, 2 \u00dcbernachtungen in Vlotho <a href=\"https:\/\/www.gesw.de\/uploads\/Kursseminar-Es-war-einmal-in-Europa-1.pdf\">(Muster)<\/a><\/li>\n<\/ul>\n","protected":false},"excerpt":{"rendered":"<p>&#8222;Was hat das mit mir zu tun?&#8220; Ein historisches Bewusstsein bei jungen Menschen zu schaffen ist ein wichtiger Bestandteil politischer Bildung. Aus der Geschichte ergibt sich gesellschaftliche Verantwortung. Gleichzeitig zeigt sie Handlungsm\u00f6glichkeiten f\u00fcr die Gestaltung einer lebenswerten Gesellschaft auf. Unsere Seminare vermitteln nicht nur Informationen \u00fcber Ereignisse und Daten. Jugendliche und junge Erwachsene werden vielmehr &#8230; <a title=\"Deutsche Geschichte und Politik\" class=\"read-more\" href=\"https:\/\/www.gesw.de\/index.php\/unsere-seminare\/deutsche-geschichte-politik\/\" aria-label=\"Mehr Informationen \u00fcber Deutsche Geschichte und Politik\">Weiterlesen<\/a><\/p>\n","protected":false},"author":3,"featured_media":0,"parent":40,"menu_order":2,"comment_status":"closed","ping_status":"closed","template":"","meta":{"ngg_post_thumbnail":0,"generate_page_header":"","footnotes":""},"class_list":["post-1492","page","type-page","status-publish"],"_links":{"self":[{"href":"https:\/\/www.gesw.de\/index.php\/wp-json\/wp\/v2\/pages\/1492","targetHints":{"allow":["GET"]}}],"collection":[{"href":"https:\/\/www.gesw.de\/index.php\/wp-json\/wp\/v2\/pages"}],"about":[{"href":"https:\/\/www.gesw.de\/index.php\/wp-json\/wp\/v2\/types\/page"}],"author":[{"embeddable":true,"href":"https:\/\/www.gesw.de\/index.php\/wp-json\/wp\/v2\/users\/3"}],"replies":[{"embeddable":true,"href":"https:\/\/www.gesw.de\/index.php\/wp-json\/wp\/v2\/comments?post=1492"}],"version-history":[{"count":41,"href":"https:\/\/www.gesw.de\/index.php\/wp-json\/wp\/v2\/pages\/1492\/revisions"}],"predecessor-version":[{"id":4890,"href":"https:\/\/www.gesw.de\/index.php\/wp-json\/wp\/v2\/pages\/1492\/revisions\/4890"}],"up":[{"embeddable":true,"href":"https:\/\/www.gesw.de\/index.php\/wp-json\/wp\/v2\/pages\/40"}],"wp:attachment":[{"href":"https:\/\/www.gesw.de\/index.php\/wp-json\/wp\/v2\/media?parent=1492"}],"curies":[{"name":"wp","href":"https:\/\/api.w.org\/{rel}","templated":true}]}}