{"id":1494,"date":"2017-06-08T10:28:53","date_gmt":"2017-06-08T08:28:53","guid":{"rendered":"http:\/\/www.gesw.de\/?page_id=1494"},"modified":"2025-08-19T14:56:03","modified_gmt":"2025-08-19T12:56:03","slug":"teilhabe","status":"publish","type":"page","link":"https:\/\/www.gesw.de\/index.php\/unsere-seminare\/teilhabe\/","title":{"rendered":"Gesellschaftliche Teilhabe"},"content":{"rendered":"<div class=\"wp-block-image\">\n<figure class=\"alignright\"><a href=\"https:\/\/www.gesw.de\/uploads\/Fotolia_95014597_M.jpg\" data-rel=\"lightbox-image-0\" data-imagelightbox=\"0\" data-rl_title=\"\" data-rl_caption=\"\" title=\"\"><img loading=\"lazy\" decoding=\"async\" width=\"300\" height=\"200\" src=\"https:\/\/www.gesw.de\/uploads\/Fotolia_95014597_M-300x200.jpg\" alt=\"Teamwork and cooperation concept\" class=\"wp-image-1029\" srcset=\"https:\/\/www.gesw.de\/uploads\/Fotolia_95014597_M-300x200.jpg 300w, https:\/\/www.gesw.de\/uploads\/Fotolia_95014597_M-1024x683.jpg 1024w, https:\/\/www.gesw.de\/uploads\/Fotolia_95014597_M.jpg 1687w\" sizes=\"auto, (max-width: 300px) 100vw, 300px\" \/><\/a><\/figure>\n<\/div>\n\n\n<p>Wir m\u00f6chten junge Menschen dazu anregen, sich aktiv an der Gestaltung unserer Gesellschaft zu beteiligen und ihnen M\u00f6glichkeiten aufzeigen, wie sie sich einbringen k\u00f6nnen. Wir bef\u00e4higen Teilnehmer*innen in unseren Seminaren dazu, sich zu informieren, fundierte Entscheidungen zu treffen und ihr eigenes Handlungspotenzial zu erkennen.<\/p>\n\n\n\n<p>In unterschiedlichen Seminarformaten laden wir deswegen dazu ein, die eigene <strong>Rolle in der Gesellschaft<\/strong> zu reflektieren. Dies geschieht entweder im Kontext der Arbeitswelt und der sozialen Systeme in Deutschland und Europa oder im Zusammenhang mit Fragen nach Identit\u00e4t, Lebensgestaltung, Toleranz und Diskriminierung.<\/p>\n\n\n\n<p>Methodisch nutzen wir <strong>Workshops, Rollenspiele und Kommunikations\u00fcbungen<\/strong>. Abseits vom Schulalltag lernen die Jugendlichen, sich zu artikulieren, zu argumentieren, zu diskutieren und einander zuzuh\u00f6ren. Sie werden darin best\u00e4rkt, soziale Ungleichheiten zu erkennen, Einf\u00fchlungsverm\u00f6gen zu entwickeln und Grenzen zu ziehen, eigene Zukunftsvorstellungen zu entwickeln, sich ihren Interessen und Zielen klarer bewusst zu werden und im wertsch\u00e4tzenden Miteinander ihre St\u00e4rken und Schw\u00e4chen kennen zu lernen.&nbsp;<\/p>\n\n\n\n<ul class=\"wp-block-list\">\n<li>Seminar &#8222;Gesellschaft verstehen und die Arbeitswelt entdecken&#8220;: 3 Tage, 2 \u00dcbernachtungen in Vlotho <a href=\"https:\/\/www.gesw.de\/uploads\/Gesellschaft-verstehen-und-die-Arbeitswelt-entdecken.pdf\">(Muster)<\/a><\/li>\n\n\n\n<li>Seminar &#8222;Heldinnen und Helden des Alltags&#8220;: 2 Tage, 2 \u00dcbernachtungen in Vlotho <a href=\"https:\/\/www.gesw.de\/uploads\/Heldinnen-und-Helden-4.pdf\">(Muster)<\/a><\/li>\n\n\n\n<li>Seminar \u201eDiversit\u00e4t und Social Media\u201c, 2 Tage, 2 \u00dcbernachtungen in Vlotho <a href=\"https:\/\/www.gesw.de\/uploads\/Diversitaet-und-Social-Media-5.pdf\">(Muster)<\/a><\/li>\n\n\n\n<li>Seminar \u201ePluralit\u00e4t, Partizipation, Solidarit\u00e4t\u201c, 2 Tage, 2 \u00dcbernachtungen in Vlotho <a href=\"https:\/\/www.gesw.de\/uploads\/Pluralitaet-und-Partizipation-5.pdf\">(Muster)<\/a><\/li>\n<\/ul>\n","protected":false},"excerpt":{"rendered":"<p>Wir m\u00f6chten junge Menschen dazu anregen, sich aktiv an der Gestaltung unserer Gesellschaft zu beteiligen und ihnen M\u00f6glichkeiten aufzeigen, wie sie sich einbringen k\u00f6nnen. Wir bef\u00e4higen Teilnehmer*innen in unseren Seminaren dazu, sich zu informieren, fundierte Entscheidungen zu treffen und ihr eigenes Handlungspotenzial zu erkennen. In unterschiedlichen Seminarformaten laden wir deswegen dazu ein, die eigene Rolle &#8230; <a title=\"Gesellschaftliche Teilhabe\" class=\"read-more\" href=\"https:\/\/www.gesw.de\/index.php\/unsere-seminare\/teilhabe\/\" aria-label=\"Mehr Informationen \u00fcber Gesellschaftliche Teilhabe\">Weiterlesen<\/a><\/p>\n","protected":false},"author":3,"featured_media":0,"parent":40,"menu_order":4,"comment_status":"closed","ping_status":"closed","template":"","meta":{"ngg_post_thumbnail":0,"generate_page_header":"","footnotes":""},"class_list":["post-1494","page","type-page","status-publish"],"_links":{"self":[{"href":"https:\/\/www.gesw.de\/index.php\/wp-json\/wp\/v2\/pages\/1494","targetHints":{"allow":["GET"]}}],"collection":[{"href":"https:\/\/www.gesw.de\/index.php\/wp-json\/wp\/v2\/pages"}],"about":[{"href":"https:\/\/www.gesw.de\/index.php\/wp-json\/wp\/v2\/types\/page"}],"author":[{"embeddable":true,"href":"https:\/\/www.gesw.de\/index.php\/wp-json\/wp\/v2\/users\/3"}],"replies":[{"embeddable":true,"href":"https:\/\/www.gesw.de\/index.php\/wp-json\/wp\/v2\/comments?post=1494"}],"version-history":[{"count":27,"href":"https:\/\/www.gesw.de\/index.php\/wp-json\/wp\/v2\/pages\/1494\/revisions"}],"predecessor-version":[{"id":5033,"href":"https:\/\/www.gesw.de\/index.php\/wp-json\/wp\/v2\/pages\/1494\/revisions\/5033"}],"up":[{"embeddable":true,"href":"https:\/\/www.gesw.de\/index.php\/wp-json\/wp\/v2\/pages\/40"}],"wp:attachment":[{"href":"https:\/\/www.gesw.de\/index.php\/wp-json\/wp\/v2\/media?parent=1494"}],"curies":[{"name":"wp","href":"https:\/\/api.w.org\/{rel}","templated":true}]}}