{"id":1733,"date":"2017-06-27T14:57:58","date_gmt":"2017-06-27T12:57:58","guid":{"rendered":"http:\/\/www.gesw.de\/?page_id=1733"},"modified":"2025-11-27T13:58:38","modified_gmt":"2025-11-27T11:58:38","slug":"seminarplaene","status":"publish","type":"page","link":"https:\/\/www.gesw.de\/index.php\/unsere-seminare\/seminarplaene\/","title":{"rendered":"Jahrespl\u00e4ne"},"content":{"rendered":"<p>Um eine Vorstellung vom breiten Spektrum unseres Seminarangebots zu gewinnen, lohnt sich der Blick in unsere Seminarpl\u00e4ne:<\/p>\n<p>Die aktuellen Seminare: <a href=\"https:\/\/www.gesw.de\/index.php\/unsere-seminare\/seminarplaene\/seminarplan-2025\/\">Seminarplan 2025<\/a><\/p>\n<p>Die Planung f\u00fcr das n\u00e4chste Jahr:&nbsp;<a href=\"https:\/\/www.gesw.de\/index.php\/unsere-seminare\/seminarplaene\/seminarplan-2026\/\">Seminarplan 2026<\/a><\/p>\n<p>Der Blick in die Vergangenheit:&nbsp;<a href=\"https:\/\/www.gesw.de\/index.php\/unsere-seminare\/seminarplaene\/seminarplan-2024\/\">Seminarplan 2024<\/a><\/p>\n\n\n<p><\/p>\n","protected":false},"excerpt":{"rendered":"<p>Um eine Vorstellung vom breiten Spektrum unseres Seminarangebots zu gewinnen, lohnt sich der Blick in unsere Seminarpl\u00e4ne: Die aktuellen Seminare: Seminarplan 2025 Die Planung f\u00fcr das n\u00e4chste Jahr:&nbsp;Seminarplan 2026 Der Blick in die Vergangenheit:&nbsp;Seminarplan 2024<\/p>\n","protected":false},"author":12,"featured_media":0,"parent":40,"menu_order":0,"comment_status":"closed","ping_status":"closed","template":"","meta":{"ngg_post_thumbnail":0,"generate_page_header":"","footnotes":""},"class_list":["post-1733","page","type-page","status-publish"],"_links":{"self":[{"href":"https:\/\/www.gesw.de\/index.php\/wp-json\/wp\/v2\/pages\/1733","targetHints":{"allow":["GET"]}}],"collection":[{"href":"https:\/\/www.gesw.de\/index.php\/wp-json\/wp\/v2\/pages"}],"about":[{"href":"https:\/\/www.gesw.de\/index.php\/wp-json\/wp\/v2\/types\/page"}],"author":[{"embeddable":true,"href":"https:\/\/www.gesw.de\/index.php\/wp-json\/wp\/v2\/users\/12"}],"replies":[{"embeddable":true,"href":"https:\/\/www.gesw.de\/index.php\/wp-json\/wp\/v2\/comments?post=1733"}],"version-history":[{"count":12,"href":"https:\/\/www.gesw.de\/index.php\/wp-json\/wp\/v2\/pages\/1733\/revisions"}],"predecessor-version":[{"id":5150,"href":"https:\/\/www.gesw.de\/index.php\/wp-json\/wp\/v2\/pages\/1733\/revisions\/5150"}],"up":[{"embeddable":true,"href":"https:\/\/www.gesw.de\/index.php\/wp-json\/wp\/v2\/pages\/40"}],"wp:attachment":[{"href":"https:\/\/www.gesw.de\/index.php\/wp-json\/wp\/v2\/media?parent=1733"}],"curies":[{"name":"wp","href":"https:\/\/api.w.org\/{rel}","templated":true}]}}