{"id":257,"date":"2010-09-29T17:35:29","date_gmt":"2010-09-29T15:35:29","guid":{"rendered":"http:\/\/www.gesw.de\/?page_id=257"},"modified":"2026-03-13T12:58:42","modified_gmt":"2026-03-13T10:58:42","slug":"impressum","status":"publish","type":"page","link":"https:\/\/www.gesw.de\/index.php\/impressum\/","title":{"rendered":"Impressum"},"content":{"rendered":"<p><strong>Verantwortlich f\u00fcr den Inhalt<\/strong><br \/>\nV.i.S.d.P.<br \/>\nGesamteurop\u00e4isches Studienwerk e.V.<br \/>\nDr. Gerhard Sch\u00fcsselbauer (1. Vorsitzender)<br \/>\nS\u00fcdfeldstr. 2-4<br \/>\n32602 Vlotho<\/p>\n<p>Vereinsregister Nr.: VR 379<br \/>\nAmtsgericht Bad Oeynhausen<\/p>\n<p><strong>Verantwortlich f\u00fcr die Gestaltung<\/strong><br \/>\nGesamteurop\u00e4isches Studienwerk e.V.<br \/>\nS\u00fcdfelstr. 2-4<br \/>\n32602 Vlotho<\/p>\n<h2>Haftung f\u00fcr Inhalte<\/h2>\n<p>Als Diensteanbieter sind wir gem\u00e4\u00df \u00a7 7 Abs.1 TMG f\u00fcr eigene Inhalte auf diesen Seiten nach den allgemeinen Gesetzen verantwortlich. Nach \u00a7\u00a7 8 bis 10 TMG sind wir als Diensteanbieter jedoch nicht verpflichtet, \u00fcbermittelte oder gespeicherte fremde Informationen zu \u00fcberwachen oder nach Umst\u00e4nden zu forschen, die auf eine rechtswidrige T\u00e4tigkeit hinweisen.<\/p>\n<p>Verpflichtungen zur Entfernung oder Sperrung der Nutzung von Informationen nach den allgemeinen Gesetzen bleiben hiervon unber\u00fchrt. Eine diesbez\u00fcgliche Haftung ist jedoch erst ab dem Zeitpunkt der Kenntnis einer konkreten Rechtsverletzung m\u00f6glich. Bei Bekanntwerden von entsprechenden Rechtsverletzungen werden wir diese Inhalte umgehend entfernen.<\/p>\n<h2>Haftung f\u00fcr Links<\/h2>\n<p>Unser Angebot enth\u00e4lt Links zu externen Webseiten Dritter, auf deren Inhalte wir keinen Einfluss haben. Deshalb k\u00f6nnen wir f\u00fcr diese fremden Inhalte auch keine Gew\u00e4hr \u00fcbernehmen. F\u00fcr die Inhalte der verlinkten Seiten ist stets der jeweilige Anbieter oder Betreiber der Seiten verantwortlich. Die verlinkten Seiten wurden zum Zeitpunkt der Verlinkung auf m\u00f6gliche Rechtsverst\u00f6\u00dfe \u00fcberpr\u00fcft. Rechtswidrige Inhalte waren zum Zeitpunkt der Verlinkung nicht erkennbar.<\/p>\n<p>Eine permanente inhaltliche Kontrolle der verlinkten Seiten ist jedoch ohne konkrete Anhaltspunkte einer Rechtsverletzung nicht zumutbar. Bei Bekanntwerden von Rechtsverletzungen werden wir derartige Links umgehend entfernen.<\/p>\n<h2>Urheberrecht<\/h2>\n<p>Die durch die Seitenbetreiber erstellten Inhalte und Werke auf diesen Seiten unterliegen dem deutschen Urheberrecht. Die Vervielf\u00e4ltigung, Bearbeitung, Verbreitung und jede Art der Verwertung au\u00dferhalb der Grenzen des Urheberrechtes bed\u00fcrfen der schriftlichen Zustimmung des jeweiligen Autors bzw. Erstellers. Downloads und Kopien dieser Seite sind nur f\u00fcr den privaten, nicht kommerziellen Gebrauch gestattet.<\/p>\n<p>Soweit die Inhalte auf dieser Seite nicht vom Betreiber erstellt wurden, werden die Urheberrechte Dritter beachtet. Insbesondere werden Inhalte Dritter als solche gekennzeichnet. Sollten Sie trotzdem auf eine Urheberrechtsverletzung aufmerksam werden, bitten wir um einen entsprechenden Hinweis. Bei Bekanntwerden von Rechtsverletzungen werden wir derartige Inhalte umgehend entfernen.<\/p>\n<h2>Hinweise nach dem Verbraucherschlichtungsgesetz<\/h2>\n<p>Wir sind nicht dazu bereit und auch nicht dazu verpflichtet, an einem Streitbeilegungsverfahren vor einer Verbraucherschlichtungsstelle teilzunehmen. Das Gesetz \u00fcber die alternative Streitbeilegung in Verbrauchersachen fordert aber, dass wir Sie dennoch auf eine f\u00fcr Sie zust\u00e4ndige Verbraucherstelle hinweisen. Die zust\u00e4ndige Verbraucherschlichtungsstelle ist die Allgemeine Verbraucherschlichtungsstelle des Zentrums f\u00fcr Schlichtung e.V.<br \/>\nStra\u00dfburger Stra\u00dfe 8<br \/>\n77694 Kehl am Rhein<br \/>\nTelefon: 07851-7957940<br \/>\nFax: 07851-17957941<br \/>\n<a href=\"mailto:mail@verbraucher-schlichter.de\">mail@verbraucher-schlichter.de<\/a><\/p>\n<p><a href=\"http:\/\/www.verbraucher-schlichter.de\">www.verbraucher-schlichter.de<\/a>.<\/p>\n<p>Klarstellend weisen wir aber noch einmal darauf hin, dass wir uns nicht an Verbraucherschlichtungsverfahren vor der zuvor genannten Verbraucherschlichtungsstelle nach dem Verbraucherschlichtungsgesetz beteiligen.<\/p>\n<p>&nbsp;<\/p>\n","protected":false},"excerpt":{"rendered":"<p>Verantwortlich f\u00fcr den Inhalt V.i.S.d.P. Gesamteurop\u00e4isches Studienwerk e.V. Dr. Gerhard Sch\u00fcsselbauer (1. Vorsitzender) S\u00fcdfeldstr. 2-4 32602 Vlotho Vereinsregister Nr.: VR 379 Amtsgericht Bad Oeynhausen Verantwortlich f\u00fcr die Gestaltung Gesamteurop\u00e4isches Studienwerk e.V. S\u00fcdfelstr. 2-4 32602 Vlotho Haftung f\u00fcr Inhalte Als Diensteanbieter sind wir gem\u00e4\u00df \u00a7 7 Abs.1 TMG f\u00fcr eigene Inhalte auf diesen Seiten nach den &#8230; <a title=\"Impressum\" class=\"read-more\" href=\"https:\/\/www.gesw.de\/index.php\/impressum\/\" aria-label=\"Mehr Informationen \u00fcber Impressum\">Weiterlesen<\/a><\/p>\n","protected":false},"author":1,"featured_media":0,"parent":0,"menu_order":0,"comment_status":"closed","ping_status":"open","template":"","meta":{"ngg_post_thumbnail":0,"generate_page_header":"","footnotes":""},"class_list":["post-257","page","type-page","status-publish"],"_links":{"self":[{"href":"https:\/\/www.gesw.de\/index.php\/wp-json\/wp\/v2\/pages\/257","targetHints":{"allow":["GET"]}}],"collection":[{"href":"https:\/\/www.gesw.de\/index.php\/wp-json\/wp\/v2\/pages"}],"about":[{"href":"https:\/\/www.gesw.de\/index.php\/wp-json\/wp\/v2\/types\/page"}],"author":[{"embeddable":true,"href":"https:\/\/www.gesw.de\/index.php\/wp-json\/wp\/v2\/users\/1"}],"replies":[{"embeddable":true,"href":"https:\/\/www.gesw.de\/index.php\/wp-json\/wp\/v2\/comments?post=257"}],"version-history":[{"count":15,"href":"https:\/\/www.gesw.de\/index.php\/wp-json\/wp\/v2\/pages\/257\/revisions"}],"predecessor-version":[{"id":5246,"href":"https:\/\/www.gesw.de\/index.php\/wp-json\/wp\/v2\/pages\/257\/revisions\/5246"}],"wp:attachment":[{"href":"https:\/\/www.gesw.de\/index.php\/wp-json\/wp\/v2\/media?parent=257"}],"curies":[{"name":"wp","href":"https:\/\/api.w.org\/{rel}","templated":true}]}}