{"id":33,"date":"2010-09-14T21:40:42","date_gmt":"2010-09-14T19:40:42","guid":{"rendered":"http:\/\/www.gesw.de\/?page_id=33"},"modified":"2024-02-15T23:27:27","modified_gmt":"2024-02-15T21:27:27","slug":"uebernachtung","status":"publish","type":"page","link":"https:\/\/www.gesw.de\/index.php\/unser-haus\/uebernachtung\/","title":{"rendered":"\u00dcbernachtung"},"content":{"rendered":"\n<div class=\"wp-block-columns is-layout-flex wp-container-core-columns-is-layout-9d6595d7 wp-block-columns-is-layout-flex\">\n<div class=\"wp-block-column is-layout-flow wp-block-column-is-layout-flow\" style=\"flex-basis:100%\">\n<p>In drei separaten Geb\u00e4uden, die durch Gartenwege miteinander verbunden sind, verf\u00fcgt unsere Bildungsst\u00e4tte \u00fcber 31 G\u00e4stezimmer mit insgesamt 64 Betten.<\/p>\n\n\n\n<p>Im<strong> Haus Sofia<\/strong> liegen 4 Einzel- und 8 Doppelzimmer, jeweils mit Waschbecken, auf zwei Etagen verteilt. 7 Duschb\u00e4der sind auf k\u00fcrzestem Weg \u00fcber den Flur erreichbar.<\/p>\n\n\n\n<p>Das<strong> Haus Budapest<\/strong> verf\u00fcgt \u00fcber 2 Einzel-, 2 Doppel- und 2 Drei- bis F\u00fcnfbettzimmer auf zwei Etagen, jeweils mit Waschbecken; 3 Duschb\u00e4der befinden sich an den Fluren.<\/p>\n\n\n\n<p>Das<strong> Haus Praha<\/strong> umfasst 5 Einzel-, 2 Doppel- und 6 Drei- bis Vierbettzimmer auf zwei Etagen. 7 Zimmer haben ein eigenes Duschbad, die \u00fcbrigen 4 B\u00e4der sind jeweils auf kurzem Weg \u00fcber den Flur erreichbar.<\/p>\n<\/div>\n<\/div>\n\n\n\n<p>In unseren H\u00e4usern gibt es selbstverst\u00e4ndlich WLAN.<\/p>\n\n\n\n<p>Im Erdgeschoss des Hauses Praha befinden sich au\u00dferdem unsere Speiser\u00e4ume. Sie genie\u00dfen ihr Fr\u00fchst\u00fcck, Mittagessen und Abendbrot mit einem herrlichen Blick \u00fcber das Wesertal. Im gleichen Haus liegen auch ein Club- und ein Fernsehraum, in denen der Charme der alten Villa zur Geltung kommt und die zum Verweilen einladen. Schlie\u00dflich verf\u00fcgt das Haus im Kellergeschoss auch \u00fcber einen Partyraum.<\/p>\n\n\n\n<p>Einblick in unsere G\u00e4stezimmer:<\/p>\n\n\n\n<figure class=\"wp-block-gallery has-nested-images columns-4 is-cropped wp-block-gallery-1 is-layout-flex wp-block-gallery-is-layout-flex\">\n<figure class=\"wp-block-image size-large\"><a href=\"https:\/\/www.gesw.de\/uploads\/8591883B-2FE6-4884-AA9F-93EB7B74862C-scaled.jpeg\" data-rel=\"lightbox-image-0\" data-imagelightbox=\"0\" data-rl_title=\"\" data-rl_caption=\"\" title=\"\"><img loading=\"lazy\" decoding=\"async\" width=\"1024\" height=\"768\" data-id=\"4430\" src=\"https:\/\/www.gesw.de\/uploads\/8591883B-2FE6-4884-AA9F-93EB7B74862C-1024x768.jpeg\" alt=\"\" class=\"wp-image-4430\" srcset=\"https:\/\/www.gesw.de\/uploads\/8591883B-2FE6-4884-AA9F-93EB7B74862C-1024x768.jpeg 1024w, https:\/\/www.gesw.de\/uploads\/8591883B-2FE6-4884-AA9F-93EB7B74862C-300x225.jpeg 300w, https:\/\/www.gesw.de\/uploads\/8591883B-2FE6-4884-AA9F-93EB7B74862C-768x576.jpeg 768w, https:\/\/www.gesw.de\/uploads\/8591883B-2FE6-4884-AA9F-93EB7B74862C-1536x1152.jpeg 1536w, https:\/\/www.gesw.de\/uploads\/8591883B-2FE6-4884-AA9F-93EB7B74862C-2048x1536.jpeg 2048w\" sizes=\"auto, (max-width: 1024px) 100vw, 1024px\" \/><\/a><\/figure>\n\n\n\n<figure class=\"wp-block-image size-large\"><a href=\"https:\/\/www.gesw.de\/uploads\/19706011-BEBF-43AC-9FE6-F1D110245230-scaled.jpeg\" data-rel=\"lightbox-image-1\" data-imagelightbox=\"1\" data-rl_title=\"\" data-rl_caption=\"\" title=\"\"><img loading=\"lazy\" decoding=\"async\" width=\"1024\" height=\"768\" data-id=\"4431\" src=\"https:\/\/www.gesw.de\/uploads\/19706011-BEBF-43AC-9FE6-F1D110245230-1024x768.jpeg\" alt=\"\" class=\"wp-image-4431\" srcset=\"https:\/\/www.gesw.de\/uploads\/19706011-BEBF-43AC-9FE6-F1D110245230-1024x768.jpeg 1024w, https:\/\/www.gesw.de\/uploads\/19706011-BEBF-43AC-9FE6-F1D110245230-300x225.jpeg 300w, https:\/\/www.gesw.de\/uploads\/19706011-BEBF-43AC-9FE6-F1D110245230-768x576.jpeg 768w, https:\/\/www.gesw.de\/uploads\/19706011-BEBF-43AC-9FE6-F1D110245230-1536x1152.jpeg 1536w, https:\/\/www.gesw.de\/uploads\/19706011-BEBF-43AC-9FE6-F1D110245230-2048x1536.jpeg 2048w\" sizes=\"auto, (max-width: 1024px) 100vw, 1024px\" \/><\/a><\/figure>\n\n\n\n<figure class=\"wp-block-image size-large\"><a href=\"https:\/\/www.gesw.de\/uploads\/20230223_131922-scaled.jpg\" data-rel=\"lightbox-image-2\" data-imagelightbox=\"2\" data-rl_title=\"\" data-rl_caption=\"\" title=\"\"><img loading=\"lazy\" decoding=\"async\" width=\"1024\" height=\"587\" data-id=\"4432\" src=\"https:\/\/www.gesw.de\/uploads\/20230223_131922-1024x587.jpg\" alt=\"\" class=\"wp-image-4432\" srcset=\"https:\/\/www.gesw.de\/uploads\/20230223_131922-1024x587.jpg 1024w, https:\/\/www.gesw.de\/uploads\/20230223_131922-300x172.jpg 300w, https:\/\/www.gesw.de\/uploads\/20230223_131922-768x441.jpg 768w, https:\/\/www.gesw.de\/uploads\/20230223_131922-1536x881.jpg 1536w, https:\/\/www.gesw.de\/uploads\/20230223_131922-2048x1175.jpg 2048w\" sizes=\"auto, (max-width: 1024px) 100vw, 1024px\" \/><\/a><\/figure>\n\n\n\n<figure class=\"wp-block-image size-large\"><a href=\"https:\/\/www.gesw.de\/uploads\/20230223_135650-scaled.jpg\" data-rel=\"lightbox-image-3\" data-imagelightbox=\"3\" data-rl_title=\"\" data-rl_caption=\"\" title=\"\"><img loading=\"lazy\" decoding=\"async\" width=\"1024\" height=\"461\" data-id=\"4433\" src=\"https:\/\/www.gesw.de\/uploads\/20230223_135650-1024x461.jpg\" alt=\"\" class=\"wp-image-4433\" srcset=\"https:\/\/www.gesw.de\/uploads\/20230223_135650-1024x461.jpg 1024w, https:\/\/www.gesw.de\/uploads\/20230223_135650-300x135.jpg 300w, https:\/\/www.gesw.de\/uploads\/20230223_135650-768x346.jpg 768w, https:\/\/www.gesw.de\/uploads\/20230223_135650-1536x691.jpg 1536w, https:\/\/www.gesw.de\/uploads\/20230223_135650-2048x922.jpg 2048w\" sizes=\"auto, (max-width: 1024px) 100vw, 1024px\" \/><\/a><\/figure>\n\n\n\n<figure class=\"wp-block-image size-large\"><a href=\"https:\/\/www.gesw.de\/uploads\/20230224_114715-scaled.jpg\" data-rel=\"lightbox-image-4\" data-imagelightbox=\"4\" data-rl_title=\"\" data-rl_caption=\"\" title=\"\"><img loading=\"lazy\" decoding=\"async\" width=\"1024\" height=\"461\" data-id=\"4434\" src=\"https:\/\/www.gesw.de\/uploads\/20230224_114715-1024x461.jpg\" alt=\"\" class=\"wp-image-4434\" srcset=\"https:\/\/www.gesw.de\/uploads\/20230224_114715-1024x461.jpg 1024w, https:\/\/www.gesw.de\/uploads\/20230224_114715-300x135.jpg 300w, https:\/\/www.gesw.de\/uploads\/20230224_114715-768x346.jpg 768w, https:\/\/www.gesw.de\/uploads\/20230224_114715-1536x691.jpg 1536w, https:\/\/www.gesw.de\/uploads\/20230224_114715-2048x922.jpg 2048w\" sizes=\"auto, (max-width: 1024px) 100vw, 1024px\" \/><\/a><\/figure>\n\n\n\n<figure class=\"wp-block-image size-large\"><a href=\"https:\/\/www.gesw.de\/uploads\/IMG_0740-Duschbad-Zi.-23-u.-26-1-scaled.jpg\" data-rel=\"lightbox-image-5\" data-imagelightbox=\"5\" data-rl_title=\"\" data-rl_caption=\"\" title=\"\"><img loading=\"lazy\" decoding=\"async\" width=\"683\" height=\"1024\" data-id=\"4429\" src=\"https:\/\/www.gesw.de\/uploads\/IMG_0740-Duschbad-Zi.-23-u.-26-1-683x1024.jpg\" alt=\"\" class=\"wp-image-4429\" srcset=\"https:\/\/www.gesw.de\/uploads\/IMG_0740-Duschbad-Zi.-23-u.-26-1-683x1024.jpg 683w, https:\/\/www.gesw.de\/uploads\/IMG_0740-Duschbad-Zi.-23-u.-26-1-200x300.jpg 200w, https:\/\/www.gesw.de\/uploads\/IMG_0740-Duschbad-Zi.-23-u.-26-1-768x1152.jpg 768w, https:\/\/www.gesw.de\/uploads\/IMG_0740-Duschbad-Zi.-23-u.-26-1-1024x1536.jpg 1024w, https:\/\/www.gesw.de\/uploads\/IMG_0740-Duschbad-Zi.-23-u.-26-1-1365x2048.jpg 1365w, https:\/\/www.gesw.de\/uploads\/IMG_0740-Duschbad-Zi.-23-u.-26-1-scaled.jpg 1707w\" sizes=\"auto, (max-width: 683px) 100vw, 683px\" \/><\/a><\/figure>\n\n\n\n<figure class=\"wp-block-image size-large\"><a href=\"https:\/\/www.gesw.de\/uploads\/20230815_154400-scaled.jpg\" data-rel=\"lightbox-image-6\" data-imagelightbox=\"6\" data-rl_title=\"\" data-rl_caption=\"\" title=\"\"><img loading=\"lazy\" decoding=\"async\" width=\"461\" height=\"1024\" data-id=\"4428\" src=\"https:\/\/www.gesw.de\/uploads\/20230815_154400-461x1024.jpg\" alt=\"\" class=\"wp-image-4428\" srcset=\"https:\/\/www.gesw.de\/uploads\/20230815_154400-461x1024.jpg 461w, https:\/\/www.gesw.de\/uploads\/20230815_154400-135x300.jpg 135w, https:\/\/www.gesw.de\/uploads\/20230815_154400-768x1707.jpg 768w, https:\/\/www.gesw.de\/uploads\/20230815_154400-691x1536.jpg 691w, https:\/\/www.gesw.de\/uploads\/20230815_154400-922x2048.jpg 922w, https:\/\/www.gesw.de\/uploads\/20230815_154400-scaled.jpg 1152w\" sizes=\"auto, (max-width: 461px) 100vw, 461px\" \/><\/a><\/figure>\n\n\n\n<figure class=\"wp-block-image size-large\"><a href=\"https:\/\/www.gesw.de\/uploads\/20230815_154108-scaled.jpg\" data-rel=\"lightbox-image-7\" data-imagelightbox=\"7\" data-rl_title=\"\" data-rl_caption=\"\" title=\"\"><img loading=\"lazy\" decoding=\"async\" width=\"461\" height=\"1024\" data-id=\"4436\" src=\"https:\/\/www.gesw.de\/uploads\/20230815_154108-461x1024.jpg\" alt=\"\" class=\"wp-image-4436\" srcset=\"https:\/\/www.gesw.de\/uploads\/20230815_154108-461x1024.jpg 461w, https:\/\/www.gesw.de\/uploads\/20230815_154108-135x300.jpg 135w, https:\/\/www.gesw.de\/uploads\/20230815_154108-768x1707.jpg 768w, https:\/\/www.gesw.de\/uploads\/20230815_154108-691x1536.jpg 691w, https:\/\/www.gesw.de\/uploads\/20230815_154108-922x2048.jpg 922w, https:\/\/www.gesw.de\/uploads\/20230815_154108-scaled.jpg 1152w\" sizes=\"auto, (max-width: 461px) 100vw, 461px\" \/><\/a><\/figure>\n<\/figure>\n","protected":false},"excerpt":{"rendered":"<p>In drei separaten Geb\u00e4uden, die durch Gartenwege miteinander verbunden sind, verf\u00fcgt unsere Bildungsst\u00e4tte \u00fcber 31 G\u00e4stezimmer mit insgesamt 64 Betten. Im Haus Sofia liegen 4 Einzel- und 8 Doppelzimmer, jeweils mit Waschbecken, auf zwei Etagen verteilt. 7 Duschb\u00e4der sind auf k\u00fcrzestem Weg \u00fcber den Flur erreichbar. Das Haus Budapest verf\u00fcgt \u00fcber 2 Einzel-, 2 Doppel- &#8230; <a title=\"\u00dcbernachtung\" class=\"read-more\" href=\"https:\/\/www.gesw.de\/index.php\/unser-haus\/uebernachtung\/\" aria-label=\"Mehr Informationen \u00fcber \u00dcbernachtung\">Weiterlesen<\/a><\/p>\n","protected":false},"author":1,"featured_media":0,"parent":2,"menu_order":2,"comment_status":"closed","ping_status":"open","template":"","meta":{"ngg_post_thumbnail":0,"generate_page_header":"","footnotes":""},"class_list":["post-33","page","type-page","status-publish"],"_links":{"self":[{"href":"https:\/\/www.gesw.de\/index.php\/wp-json\/wp\/v2\/pages\/33","targetHints":{"allow":["GET"]}}],"collection":[{"href":"https:\/\/www.gesw.de\/index.php\/wp-json\/wp\/v2\/pages"}],"about":[{"href":"https:\/\/www.gesw.de\/index.php\/wp-json\/wp\/v2\/types\/page"}],"author":[{"embeddable":true,"href":"https:\/\/www.gesw.de\/index.php\/wp-json\/wp\/v2\/users\/1"}],"replies":[{"embeddable":true,"href":"https:\/\/www.gesw.de\/index.php\/wp-json\/wp\/v2\/comments?post=33"}],"version-history":[{"count":26,"href":"https:\/\/www.gesw.de\/index.php\/wp-json\/wp\/v2\/pages\/33\/revisions"}],"predecessor-version":[{"id":4578,"href":"https:\/\/www.gesw.de\/index.php\/wp-json\/wp\/v2\/pages\/33\/revisions\/4578"}],"up":[{"embeddable":true,"href":"https:\/\/www.gesw.de\/index.php\/wp-json\/wp\/v2\/pages\/2"}],"wp:attachment":[{"href":"https:\/\/www.gesw.de\/index.php\/wp-json\/wp\/v2\/media?parent=33"}],"curies":[{"name":"wp","href":"https:\/\/api.w.org\/{rel}","templated":true}]}}