{"id":3596,"date":"2021-01-20T19:29:43","date_gmt":"2021-01-20T17:29:43","guid":{"rendered":"https:\/\/www.gesw.de\/?page_id=3596"},"modified":"2022-10-21T17:16:10","modified_gmt":"2022-10-21T15:16:10","slug":"videos","status":"publish","type":"page","link":"https:\/\/www.gesw.de\/index.php\/unsere-publikationen\/videos\/","title":{"rendered":"Videos"},"content":{"rendered":"\n<p>Unsere Videos informieren \u00fcber unsere Arbeitsschwerpunkte. Dazu z\u00e4hlen grunds\u00e4tzliche und aktuelle Fragen der EU sowie der deutschen Geschichte und Politik.<\/p>\n\n\n\n<div class=\"wp-block-columns is-layout-flex wp-container-core-columns-is-layout-9d6595d7 wp-block-columns-is-layout-flex\">\n<div class=\"wp-block-column is-layout-flow wp-block-column-is-layout-flow\">\n<figure class=\"wp-block-image size-full\"><a href=\"https:\/\/youtu.be\/0XhQ7lUpVlM\"><img loading=\"lazy\" decoding=\"async\" width=\"344\" height=\"314\" src=\"https:\/\/www.gesw.de\/uploads\/europaeischeliteratur.jpg\" alt=\"\" class=\"wp-image-4092\" srcset=\"https:\/\/www.gesw.de\/uploads\/europaeischeliteratur.jpg 344w, https:\/\/www.gesw.de\/uploads\/europaeischeliteratur-300x274.jpg 300w\" sizes=\"auto, (max-width: 344px) 100vw, 344px\" \/><\/a><figcaption>Link zu YouTube \u2013 Video dort ansehen<\/figcaption><\/figure>\n\n\n\n<figure class=\"wp-block-image size-full\"><a href=\"https:\/\/youtu.be\/hzSBSJAb7mU\"><img loading=\"lazy\" decoding=\"async\" width=\"344\" height=\"314\" src=\"https:\/\/www.gesw.de\/uploads\/eucoronakrise.jpg\" alt=\"\" class=\"wp-image-4089\" srcset=\"https:\/\/www.gesw.de\/uploads\/eucoronakrise.jpg 344w, https:\/\/www.gesw.de\/uploads\/eucoronakrise-300x274.jpg 300w\" sizes=\"auto, (max-width: 344px) 100vw, 344px\" \/><\/a><figcaption>Link zu YouTube \u2013 Video dort ansehen<\/figcaption><\/figure>\n\n\n\n<figure class=\"wp-block-image size-full\"><a href=\"https:\/\/youtu.be\/5NByiIst028\"><img loading=\"lazy\" decoding=\"async\" width=\"344\" height=\"314\" src=\"https:\/\/www.gesw.de\/uploads\/eugeschichteintegration.jpg\" alt=\"\" class=\"wp-image-4091\" srcset=\"https:\/\/www.gesw.de\/uploads\/eugeschichteintegration.jpg 344w, https:\/\/www.gesw.de\/uploads\/eugeschichteintegration-300x274.jpg 300w\" sizes=\"auto, (max-width: 344px) 100vw, 344px\" \/><\/a><figcaption>Link zu YouTube \u2013 Video dort ansehen<\/figcaption><\/figure>\n\n\n\n<figure class=\"wp-block-image size-full\"><a href=\"https:\/\/youtu.be\/mTe6Z4rEvbk\"><img loading=\"lazy\" decoding=\"async\" width=\"344\" height=\"314\" src=\"https:\/\/www.gesw.de\/uploads\/nachcoronalockdown.jpg\" alt=\"\" class=\"wp-image-4094\" srcset=\"https:\/\/www.gesw.de\/uploads\/nachcoronalockdown.jpg 344w, https:\/\/www.gesw.de\/uploads\/nachcoronalockdown-300x274.jpg 300w\" sizes=\"auto, (max-width: 344px) 100vw, 344px\" \/><\/a><figcaption>Link zu YouTube \u2013 Video dort ansehen<\/figcaption><\/figure>\n\n\n\n<figure class=\"wp-block-image size-full\"><a href=\"https:\/\/youtu.be\/3Pw2MItBvYI\"><img loading=\"lazy\" decoding=\"async\" width=\"344\" height=\"314\" src=\"https:\/\/www.gesw.de\/uploads\/shouldistay5.jpg\" alt=\"\" class=\"wp-image-4100\" srcset=\"https:\/\/www.gesw.de\/uploads\/shouldistay5.jpg 344w, https:\/\/www.gesw.de\/uploads\/shouldistay5-300x274.jpg 300w\" sizes=\"auto, (max-width: 344px) 100vw, 344px\" \/><\/a><figcaption>Link zu YouTube \u2013 Video dort ansehen<\/figcaption><\/figure>\n\n\n\n<figure class=\"wp-block-image size-full\"><a href=\"https:\/\/youtu.be\/q9n_OLkrcpU\"><img loading=\"lazy\" decoding=\"async\" width=\"344\" height=\"314\" src=\"https:\/\/www.gesw.de\/uploads\/shouldistay3.jpg\" alt=\"\" class=\"wp-image-4098\" srcset=\"https:\/\/www.gesw.de\/uploads\/shouldistay3.jpg 344w, https:\/\/www.gesw.de\/uploads\/shouldistay3-300x274.jpg 300w\" sizes=\"auto, (max-width: 344px) 100vw, 344px\" \/><\/a><figcaption>Link zu YouTube \u2013 Video dort ansehen<\/figcaption><\/figure>\n<\/div>\n\n\n\n<div class=\"wp-block-column is-layout-flow wp-block-column-is-layout-flow\">\n<figure class=\"wp-block-image size-full\"><a href=\"https:\/\/youtu.be\/nWnRnjMiTvs\"><img loading=\"lazy\" decoding=\"async\" width=\"344\" height=\"314\" src=\"https:\/\/www.gesw.de\/uploads\/eueunfacherklaert.jpg\" alt=\"\" class=\"wp-image-4090\" srcset=\"https:\/\/www.gesw.de\/uploads\/eueunfacherklaert.jpg 344w, https:\/\/www.gesw.de\/uploads\/eueunfacherklaert-300x274.jpg 300w\" sizes=\"auto, (max-width: 344px) 100vw, 344px\" \/><\/a><figcaption>Link zu YouTube \u2013 Video dort ansehen<\/figcaption><\/figure>\n\n\n\n<figure class=\"wp-block-image size-full\"><a href=\"https:\/\/youtu.be\/CRgr9imlV3w\"><img loading=\"lazy\" decoding=\"async\" width=\"344\" height=\"314\" src=\"https:\/\/www.gesw.de\/uploads\/menschenmachengeschichte.jpg\" alt=\"\" class=\"wp-image-4093\" srcset=\"https:\/\/www.gesw.de\/uploads\/menschenmachengeschichte.jpg 344w, https:\/\/www.gesw.de\/uploads\/menschenmachengeschichte-300x274.jpg 300w\" sizes=\"auto, (max-width: 344px) 100vw, 344px\" \/><\/a><figcaption>Link zu YouTube \u2013 Video dort ansehen<\/figcaption><\/figure>\n\n\n\n<figure class=\"wp-block-image size-full\"><a href=\"https:\/\/youtu.be\/GLYdWeiwnzc\"><img loading=\"lazy\" decoding=\"async\" width=\"344\" height=\"314\" src=\"https:\/\/www.gesw.de\/uploads\/brexitundeu.jpg\" alt=\"\" class=\"wp-image-4102\" srcset=\"https:\/\/www.gesw.de\/uploads\/brexitundeu.jpg 344w, https:\/\/www.gesw.de\/uploads\/brexitundeu-300x274.jpg 300w\" sizes=\"auto, (max-width: 344px) 100vw, 344px\" \/><\/a><figcaption>Link zu YouTube \u2013 Video dort ansehen<\/figcaption><\/figure>\n\n\n\n<figure class=\"wp-block-image size-full\"><a href=\"https:\/\/youtu.be\/VP6lT1DpxoA\"><img loading=\"lazy\" decoding=\"async\" width=\"344\" height=\"314\" src=\"https:\/\/www.gesw.de\/uploads\/shouldistay1.jpg\" alt=\"\" class=\"wp-image-4096\" srcset=\"https:\/\/www.gesw.de\/uploads\/shouldistay1.jpg 344w, https:\/\/www.gesw.de\/uploads\/shouldistay1-300x274.jpg 300w\" sizes=\"auto, (max-width: 344px) 100vw, 344px\" \/><\/a><figcaption>Link zu YouTube \u2013 Video dort ansehen<\/figcaption><\/figure>\n\n\n\n<figure class=\"wp-block-image size-full\"><a href=\"https:\/\/youtu.be\/eNwnklXQPRM\"><img loading=\"lazy\" decoding=\"async\" width=\"344\" height=\"314\" src=\"https:\/\/www.gesw.de\/uploads\/shouldistay4.jpg\" alt=\"\" class=\"wp-image-4099\" srcset=\"https:\/\/www.gesw.de\/uploads\/shouldistay4.jpg 344w, https:\/\/www.gesw.de\/uploads\/shouldistay4-300x274.jpg 300w\" sizes=\"auto, (max-width: 344px) 100vw, 344px\" \/><\/a><figcaption>Link zu YouTube \u2013 Video dort ansehen<\/figcaption><\/figure>\n\n\n\n<figure class=\"wp-block-image size-full\"><a href=\"https:\/\/youtu.be\/p2aU5CdUZNM\"><img loading=\"lazy\" decoding=\"async\" width=\"344\" height=\"314\" src=\"https:\/\/www.gesw.de\/uploads\/shouldistay2.jpg\" alt=\"\" class=\"wp-image-4097\" srcset=\"https:\/\/www.gesw.de\/uploads\/shouldistay2.jpg 344w, https:\/\/www.gesw.de\/uploads\/shouldistay2-300x274.jpg 300w\" sizes=\"auto, (max-width: 344px) 100vw, 344px\" \/><\/a><figcaption>Link zu YouTube \u2013 Video dort ansehen<\/figcaption><\/figure>\n<\/div>\n<\/div>\n","protected":false},"excerpt":{"rendered":"<p>Unsere Videos informieren \u00fcber unsere Arbeitsschwerpunkte. Dazu z\u00e4hlen grunds\u00e4tzliche und aktuelle Fragen der EU sowie der deutschen Geschichte und Politik.<\/p>\n","protected":false},"author":5,"featured_media":0,"parent":53,"menu_order":0,"comment_status":"closed","ping_status":"closed","template":"","meta":{"ngg_post_thumbnail":0,"generate_page_header":"","footnotes":""},"class_list":["post-3596","page","type-page","status-publish"],"_links":{"self":[{"href":"https:\/\/www.gesw.de\/index.php\/wp-json\/wp\/v2\/pages\/3596","targetHints":{"allow":["GET"]}}],"collection":[{"href":"https:\/\/www.gesw.de\/index.php\/wp-json\/wp\/v2\/pages"}],"about":[{"href":"https:\/\/www.gesw.de\/index.php\/wp-json\/wp\/v2\/types\/page"}],"author":[{"embeddable":true,"href":"https:\/\/www.gesw.de\/index.php\/wp-json\/wp\/v2\/users\/5"}],"replies":[{"embeddable":true,"href":"https:\/\/www.gesw.de\/index.php\/wp-json\/wp\/v2\/comments?post=3596"}],"version-history":[{"count":13,"href":"https:\/\/www.gesw.de\/index.php\/wp-json\/wp\/v2\/pages\/3596\/revisions"}],"predecessor-version":[{"id":4114,"href":"https:\/\/www.gesw.de\/index.php\/wp-json\/wp\/v2\/pages\/3596\/revisions\/4114"}],"up":[{"embeddable":true,"href":"https:\/\/www.gesw.de\/index.php\/wp-json\/wp\/v2\/pages\/53"}],"wp:attachment":[{"href":"https:\/\/www.gesw.de\/index.php\/wp-json\/wp\/v2\/media?parent=3596"}],"curies":[{"name":"wp","href":"https:\/\/api.w.org\/{rel}","templated":true}]}}