{"id":38,"date":"2010-09-14T21:42:11","date_gmt":"2010-09-14T19:42:11","guid":{"rendered":"http:\/\/www.gesw.de\/?page_id=38"},"modified":"2017-07-25T11:15:26","modified_gmt":"2017-07-25T09:15:26","slug":"freizeitmoeglichkeiten","status":"publish","type":"page","link":"https:\/\/www.gesw.de\/index.php\/unser-haus\/freizeitmoeglichkeiten\/","title":{"rendered":"Freizeitm\u00f6glichkeiten"},"content":{"rendered":"<div  class=\"lgc-column lgc-grid-parent lgc-grid-60 lgc-tablet-grid-60 lgc-mobile-grid-100 lgc-equal-heights \"><div  class=\"inside-grid-column\">\n<p>Unser Haus und die n\u00e4here Umgebung bieten vielf\u00e4ltige Freizeitm\u00f6glichkeiten. Auf unserem Gel\u00e4nde bieten wir Ihnen im Haus Praha einen <strong>Bier- und Partykeller<\/strong> mit vielen Sitzgelegenheiten, einer Tanzfl\u00e4che und einer fest installierten Musikanlage. Im gleichen Haus befinden sich ein gem\u00fctlicher <strong>Clubraum<\/strong> und ein <strong>Fernsehraum<\/strong>, die zum entspannten Verweilen am Abend einladen.<\/p>\n<p>Im Haus Warszawa gibt es einen gro\u00dfen <strong>Freizeitraum<\/strong> mit Billardtisch, Kicker und Tischtennisplatten. Aktuelle Tageszeitungen, gem\u00fctliche Loungem\u00f6bel und ein Automat f\u00fcr Kalt- und Hei\u00dfgetr\u00e4nke stehen Ihnen nebenan im <strong>Foyer<\/strong> zur Verf\u00fcgung.<\/p>\n<p>Unser Geb\u00e4udekomplex umschlie\u00dft einen sch\u00f6nen <strong>Garten<\/strong>, der sich f\u00fcr Outdoorspiele und zum Grillen eignet. In den Seminarpausen und zum Tagesausklang wird er ebenfalls gern genutzt. Im Freizeitraum stehen Picknickdecken zur Verf\u00fcgung, mit denen man es sich im Sommer auf dem Rasen bequem machen kann.<\/p>\n<p><\/p><\/div><\/div>\n<div  class=\"lgc-column lgc-grid-parent lgc-grid-40 lgc-tablet-grid-40 lgc-mobile-grid-100 lgc-equal-heights \"><div  class=\"inside-grid-column\"> ngg_shortcode_0_placeholder<br \/>\n<\/div><\/div><div class=\"lgc-clear\"><\/div>\n<div  class=\"lgc-column lgc-grid-parent lgc-grid-60 lgc-tablet-grid-60 lgc-mobile-grid-100 lgc-equal-heights \"><div  class=\"inside-grid-column\">\n<p>Wer mit dem Freizeitraum nicht ausgelastet ist, findet in unmittelbarer N\u00e4he unseres Hauses mit einem <strong>Bolzplatz<\/strong> die M\u00f6glichkeit vor, sich sportlich zu bet\u00e4tigen.<\/p>\n<p>In Vlotho lohnt sich ein Besuch der Burg, die einen etwa zwanzigmin\u00fctigen Fu\u00dfweg entfernt liegt. Von dort hat man einen herrlichen Blick \u00fcber die Weser, die zu Spazierg\u00e4ngen einl\u00e4dt. Dar\u00fcber hinaus f\u00fchren zahlreiche Rad- und Wanderwege durch eine reizvolle <strong>Landschaft<\/strong>.<\/p>\n<p><\/p><\/div><\/div>\n<div  class=\"lgc-column lgc-grid-parent lgc-grid-40 lgc-tablet-grid-40 lgc-mobile-grid-100 lgc-equal-heights \"><div  class=\"inside-grid-column\"> ngg_shortcode_1_placeholder<br \/>\n<\/div><\/div><div class=\"lgc-clear\"><\/div>\nngg_shortcode_2_placeholder\n<p>&nbsp;<\/p>\n","protected":false},"excerpt":{"rendered":"<p>&nbsp;<\/p>\n","protected":false},"author":1,"featured_media":0,"parent":2,"menu_order":4,"comment_status":"closed","ping_status":"closed","template":"","meta":{"ngg_post_thumbnail":0,"generate_page_header":"","footnotes":""},"class_list":["post-38","page","type-page","status-publish"],"_links":{"self":[{"href":"https:\/\/www.gesw.de\/index.php\/wp-json\/wp\/v2\/pages\/38","targetHints":{"allow":["GET"]}}],"collection":[{"href":"https:\/\/www.gesw.de\/index.php\/wp-json\/wp\/v2\/pages"}],"about":[{"href":"https:\/\/www.gesw.de\/index.php\/wp-json\/wp\/v2\/types\/page"}],"author":[{"embeddable":true,"href":"https:\/\/www.gesw.de\/index.php\/wp-json\/wp\/v2\/users\/1"}],"replies":[{"embeddable":true,"href":"https:\/\/www.gesw.de\/index.php\/wp-json\/wp\/v2\/comments?post=38"}],"version-history":[{"count":32,"href":"https:\/\/www.gesw.de\/index.php\/wp-json\/wp\/v2\/pages\/38\/revisions"}],"predecessor-version":[{"id":1898,"href":"https:\/\/www.gesw.de\/index.php\/wp-json\/wp\/v2\/pages\/38\/revisions\/1898"}],"up":[{"embeddable":true,"href":"https:\/\/www.gesw.de\/index.php\/wp-json\/wp\/v2\/pages\/2"}],"wp:attachment":[{"href":"https:\/\/www.gesw.de\/index.php\/wp-json\/wp\/v2\/media?parent=38"}],"curies":[{"name":"wp","href":"https:\/\/api.w.org\/{rel}","templated":true}]}}