{"id":4552,"date":"2024-02-02T16:09:16","date_gmt":"2024-02-02T14:09:16","guid":{"rendered":"https:\/\/www.gesw.de\/?page_id=4552"},"modified":"2025-08-19T15:43:51","modified_gmt":"2025-08-19T13:43:51","slug":"fortbildungen","status":"publish","type":"page","link":"https:\/\/www.gesw.de\/index.php\/unsere-seminare\/fortbildungen\/","title":{"rendered":"Fortbildungen"},"content":{"rendered":"\n<p><strong>Wir sind anerkannter Bildungstr\u00e4ger der Bundeszentrale f\u00fcr politische Bildung. <\/strong><\/p>\n\n\n\n<p><strong>Unsere Fortbildungen \/ politischen Seminare stehen allen interessierten B\u00fcrger*innen zur Verf\u00fcgung.<\/strong><\/p>\n\n\n\n<p><strong>Multiplikatorenseminar: Macht, M\u00e4rkte, Migration \u2013 Europa im Spannungsfeld globaler Entwicklungen<\/strong><br>\ud83d\udcc5&nbsp;<strong>18. \u2013 20. September 2025<\/strong><br>\ud83d\udccd&nbsp;<strong>Gesamteurop\u00e4isches Studienwerk<\/strong><br>\ud83d\udcb6&nbsp;<strong>Teilnahmebeitrag: 60 \u20ac (inkl. Unterkunft und Verpflegung)<\/strong><\/p>\n\n\n\n<p>Europa und die Welt befinden sich in einer Phase tiefgreifender Umbr\u00fcche \u2013 politisch, wirtschaftlich und gesellschaftlich. In unserem Seminar m\u00f6chten wir gemeinsam mit Multiplikator*innen aktuelle Entwicklungen analysieren, Hintergr\u00fcnde verstehen und Zusammenh\u00e4nge beleuchten. Dabei geht es nicht nur um Wissen, sondern auch um die Frage: Wie k\u00f6nnen wir diese komplexen Themen verst\u00e4ndlich und wirkungsvoll in der Bildungsarbeit mit Jugendlichen aufgreifen?<\/p>\n\n\n\n<p><strong>Themenschwerpunkte:<\/strong><\/p>\n\n\n\n<ul class=\"wp-block-list\">\n<li>Demokratie, Macht, Ohnmacht \u2013 Europas Platz in der neuen Weltordnung<\/li>\n\n\n\n<li>Aktuelle Entwicklungen in der Asyl- und Migrationspolitik<\/li>\n\n\n\n<li>Weltwirtschaft und EU im Umbruch<\/li>\n\n\n\n<li>\u00d6konomische Ersch\u00fctterungen \u2013 Deutschland zwischen Krieg und Krisenbew\u00e4ltigung<\/li>\n<\/ul>\n\n\n\n<p><strong>Zielgruppe:<\/strong><br>Das Seminar richtet sich an p\u00e4dagogische Fachkr\u00e4fte, politische Bildner*innen, allgemein politisch Interessierte und alle, die mit Jugendlichen zu gesellschaftspolitischen Themen arbeiten.<\/p>\n\n\n\n<p><strong>Methodische Impulse:<\/strong><br>Neben fachlichen Inputs bieten wir praxisnahe Methoden zur thematischen Bearbeitung mit Jugendlichen.<\/p>\n\n\n\n<p><strong><a href=\"https:\/\/www.gesw.de\/uploads\/38.1-Programm-Multiplikatorenseminar-Macht.pdf\" data-type=\"attachment\" data-id=\"5021\">Entdecken Sie hier das vollst\u00e4ndige Programm.<\/a><\/strong><\/p>\n\n\n\n<p>\u2139\ufe0f&nbsp;<strong>Information &amp; Anmeldung:<\/strong><br>\ud83d\udce7 Per E-Mail an&nbsp;<a href=\"mailto:info@gesw.de\" target=\"_blank\" rel=\"noreferrer noopener\">info@gesw.de<\/a><br>\ud83c\udf10 Online unter:&nbsp;www.gesw.de&nbsp;\u2013 <a href=\"https:\/\/www.gesw.de\/index.php\/kontakt\/beratung\/\" data-type=\"page\" data-id=\"42\">Kontakt<\/a><\/p>\n","protected":false},"excerpt":{"rendered":"<p>Wir sind anerkannter Bildungstr\u00e4ger der Bundeszentrale f\u00fcr politische Bildung. Unsere Fortbildungen \/ politischen Seminare stehen allen interessierten B\u00fcrger*innen zur Verf\u00fcgung. Multiplikatorenseminar: Macht, M\u00e4rkte, Migration \u2013 Europa im Spannungsfeld globaler Entwicklungen\ud83d\udcc5&nbsp;18. \u2013 20. September 2025\ud83d\udccd&nbsp;Gesamteurop\u00e4isches Studienwerk\ud83d\udcb6&nbsp;Teilnahmebeitrag: 60 \u20ac (inkl. Unterkunft und Verpflegung) Europa und die Welt befinden sich in einer Phase tiefgreifender Umbr\u00fcche \u2013 politisch, wirtschaftlich &#8230; <a title=\"Fortbildungen\" class=\"read-more\" href=\"https:\/\/www.gesw.de\/index.php\/unsere-seminare\/fortbildungen\/\" aria-label=\"Mehr Informationen \u00fcber Fortbildungen\">Weiterlesen<\/a><\/p>\n","protected":false},"author":1,"featured_media":0,"parent":40,"menu_order":0,"comment_status":"closed","ping_status":"closed","template":"","meta":{"ngg_post_thumbnail":0,"generate_page_header":"","footnotes":""},"class_list":["post-4552","page","type-page","status-publish"],"_links":{"self":[{"href":"https:\/\/www.gesw.de\/index.php\/wp-json\/wp\/v2\/pages\/4552","targetHints":{"allow":["GET"]}}],"collection":[{"href":"https:\/\/www.gesw.de\/index.php\/wp-json\/wp\/v2\/pages"}],"about":[{"href":"https:\/\/www.gesw.de\/index.php\/wp-json\/wp\/v2\/types\/page"}],"author":[{"embeddable":true,"href":"https:\/\/www.gesw.de\/index.php\/wp-json\/wp\/v2\/users\/1"}],"replies":[{"embeddable":true,"href":"https:\/\/www.gesw.de\/index.php\/wp-json\/wp\/v2\/comments?post=4552"}],"version-history":[{"count":25,"href":"https:\/\/www.gesw.de\/index.php\/wp-json\/wp\/v2\/pages\/4552\/revisions"}],"predecessor-version":[{"id":5042,"href":"https:\/\/www.gesw.de\/index.php\/wp-json\/wp\/v2\/pages\/4552\/revisions\/5042"}],"up":[{"embeddable":true,"href":"https:\/\/www.gesw.de\/index.php\/wp-json\/wp\/v2\/pages\/40"}],"wp:attachment":[{"href":"https:\/\/www.gesw.de\/index.php\/wp-json\/wp\/v2\/media?parent=4552"}],"curies":[{"name":"wp","href":"https:\/\/api.w.org\/{rel}","templated":true}]}}