{"id":4574,"date":"2024-02-15T23:24:16","date_gmt":"2024-02-15T21:24:16","guid":{"rendered":"https:\/\/www.gesw.de\/?page_id=4574"},"modified":"2024-02-15T23:38:04","modified_gmt":"2024-02-15T21:38:04","slug":"gaestehaus","status":"publish","type":"page","link":"https:\/\/www.gesw.de\/index.php\/unser-haus\/gaestehaus\/","title":{"rendered":"G\u00e4stehaus"},"content":{"rendered":"\n<p><strong>Das GESW \u2013 Ihr Tagungshaus in Vlotho<\/strong><\/p>\n\n\n\n<p>Ob Tagung, Seminar oder Familientreffen \u2013 wir fertigen Ihnen f\u00fcr Ihre Gruppe gerne ein passgenaues Angebot. \u00dcberzeugen Sie sich von unserem professionellen Service und der angenehmen Atmosph\u00e4re.<\/p>\n\n\n\n<p>Wir bieten:<\/p>\n\n\n\n<ul class=\"wp-block-list\">\n<li>helle <a href=\"https:\/\/www.gesw.de\/index.php\/unser-haus\/seminarraeume\/\">Besprechungsr\u00e4ume<\/a> f\u00fcr unterschiedliche Gruppengr\u00f6\u00dfen<\/li>\n\n\n\n<li>in <a href=\"https:\/\/www.gesw.de\/index.php\/unser-haus\/uebernachtung\/\">31 G\u00e4stezimmern<\/a> Platz f\u00fcr 64 G\u00e4ste<\/li>\n\n\n\n<li><a href=\"https:\/\/www.gesw.de\/index.php\/unser-haus\/verpflegung\/\">leckere Verpflegung<\/a> <\/li>\n\n\n\n<li>einen gro\u00dfen Garten und diverse <a href=\"https:\/\/www.gesw.de\/index.php\/unser-haus\/freizeitmoeglichkeiten\/\">Freizeitm\u00f6glichkeiten <\/a><\/li>\n<\/ul>\n","protected":false},"excerpt":{"rendered":"<p>Das GESW \u2013 Ihr Tagungshaus in Vlotho Ob Tagung, Seminar oder Familientreffen \u2013 wir fertigen Ihnen f\u00fcr Ihre Gruppe gerne ein passgenaues Angebot. \u00dcberzeugen Sie sich von unserem professionellen Service und der angenehmen Atmosph\u00e4re. Wir bieten:<\/p>\n","protected":false},"author":1,"featured_media":0,"parent":2,"menu_order":0,"comment_status":"closed","ping_status":"closed","template":"","meta":{"ngg_post_thumbnail":0,"generate_page_header":"","footnotes":""},"class_list":["post-4574","page","type-page","status-publish"],"_links":{"self":[{"href":"https:\/\/www.gesw.de\/index.php\/wp-json\/wp\/v2\/pages\/4574","targetHints":{"allow":["GET"]}}],"collection":[{"href":"https:\/\/www.gesw.de\/index.php\/wp-json\/wp\/v2\/pages"}],"about":[{"href":"https:\/\/www.gesw.de\/index.php\/wp-json\/wp\/v2\/types\/page"}],"author":[{"embeddable":true,"href":"https:\/\/www.gesw.de\/index.php\/wp-json\/wp\/v2\/users\/1"}],"replies":[{"embeddable":true,"href":"https:\/\/www.gesw.de\/index.php\/wp-json\/wp\/v2\/comments?post=4574"}],"version-history":[{"count":2,"href":"https:\/\/www.gesw.de\/index.php\/wp-json\/wp\/v2\/pages\/4574\/revisions"}],"predecessor-version":[{"id":4584,"href":"https:\/\/www.gesw.de\/index.php\/wp-json\/wp\/v2\/pages\/4574\/revisions\/4584"}],"up":[{"embeddable":true,"href":"https:\/\/www.gesw.de\/index.php\/wp-json\/wp\/v2\/pages\/2"}],"wp:attachment":[{"href":"https:\/\/www.gesw.de\/index.php\/wp-json\/wp\/v2\/media?parent=4574"}],"curies":[{"name":"wp","href":"https:\/\/api.w.org\/{rel}","templated":true}]}}