{"id":59,"date":"2010-09-14T21:59:08","date_gmt":"2010-09-14T19:59:08","guid":{"rendered":"http:\/\/www.gesw.de\/?page_id=59"},"modified":"2024-02-15T23:25:50","modified_gmt":"2024-02-15T21:25:50","slug":"anreise","status":"publish","type":"page","link":"https:\/\/www.gesw.de\/index.php\/kontakt\/anreise\/","title":{"rendered":"Anreise"},"content":{"rendered":"\n<p><strong>Mit der Bahn:<\/strong><\/p>\n\n\n\n<p>Vlotho liegt an der Bahnstrecke Bielefeld-Hildesheim. Vom Bahnhof sind Sie in 10 Minuten zu Fu\u00df bei uns.<\/p>\n\n\n\n<p>Wir schlagen folgende Strecke vor:<\/p>\n\n\n\n<ul class=\"wp-block-list\">\n<li>Vom Bahnhof kommend die Weserstra\u00dfe \u00fcberqueren und in die Lange Stra\u00dfe \/ Fu\u00dfg\u00e4ngerzone einbiegen<\/li>\n\n\n\n<li>Zwischen Restaurant und Fernsehgesch\u00e4ft links in die M\u00fchlenstra\u00dfe einbiegen und dem Stra\u00dfenverlauf bis zur Poststra\u00dfe folgen,<\/li>\n\n\n\n<li>Hier links abbiegen, nach etwa 150 m rechts in die Steinstra\u00dfe abbiegen und dieser kurz bergauf folgen<\/li>\n\n\n\n<li>Nach 100 m liegt der Eingang zum GESW auf der rechten Seite<\/li>\n<\/ul>\n\n\n\n<p><strong>Mit dem Reisebus \/ PKW:<\/strong><\/p>\n\n\n\n<p>Der Haupteingang zu unserem Seminar- und Verwaltungsgeb\u00e4ude liegt nicht in der S\u00fcdfeldstra\u00dfe, sondern in der Steinstra\u00dfe. Bitte geben Sie in Ihr Navigationsger\u00e4t die Adresse \u201eSteinstra\u00dfe 7\u201c ein. Nutzen Sie die Anfahrt die B514 \/ Weserstra\u00dfe, um von hier aus in die Steinstra\u00dfe abzubiegen. Dies gilt insbesondere f\u00fcr Gruppen, die mit dem Bus anreisen. Unsere Parkpl\u00e4tze befinden sich direkt vor dem Hauptgeb\u00e4ude.<\/p>\n\n\n\n<p><iframe loading=\"lazy\" style=\"border: 0;\" src=\"https:\/\/www.google.com\/maps\/embed?pb=!1m14!1m8!1m3!1d9788.959948358437!2d8.8673!3d52.16633!3m2!1i1024!2i768!4f13.1!3m3!1m2!1s0x0%3A0x3876062824d33328!2sGesamteurop%C3%A4isches+Studienwerk+e.+V.!5e0!3m2!1sde!2sde!4v1496911123726\" width=\"100%\" height=\"450\" frameborder=\"0\" allowfullscreen=\"allowfullscreen\"><\/iframe><\/p>\n","protected":false},"excerpt":{"rendered":"<p>Mit der Bahn: Vlotho liegt an der Bahnstrecke Bielefeld-Hildesheim. Vom Bahnhof sind Sie in 10 Minuten zu Fu\u00df bei uns. Wir schlagen folgende Strecke vor: Mit dem Reisebus \/ PKW: Der Haupteingang zu unserem Seminar- und Verwaltungsgeb\u00e4ude liegt nicht in der S\u00fcdfeldstra\u00dfe, sondern in der Steinstra\u00dfe. Bitte geben Sie in Ihr Navigationsger\u00e4t die Adresse \u201eSteinstra\u00dfe &#8230; <a title=\"Anreise\" class=\"read-more\" href=\"https:\/\/www.gesw.de\/index.php\/kontakt\/anreise\/\" aria-label=\"Mehr Informationen \u00fcber Anreise\">Weiterlesen<\/a><\/p>\n","protected":false},"author":1,"featured_media":0,"parent":42,"menu_order":4,"comment_status":"closed","ping_status":"closed","template":"","meta":{"ngg_post_thumbnail":0,"generate_page_header":"","footnotes":""},"class_list":["post-59","page","type-page","status-publish"],"_links":{"self":[{"href":"https:\/\/www.gesw.de\/index.php\/wp-json\/wp\/v2\/pages\/59","targetHints":{"allow":["GET"]}}],"collection":[{"href":"https:\/\/www.gesw.de\/index.php\/wp-json\/wp\/v2\/pages"}],"about":[{"href":"https:\/\/www.gesw.de\/index.php\/wp-json\/wp\/v2\/types\/page"}],"author":[{"embeddable":true,"href":"https:\/\/www.gesw.de\/index.php\/wp-json\/wp\/v2\/users\/1"}],"replies":[{"embeddable":true,"href":"https:\/\/www.gesw.de\/index.php\/wp-json\/wp\/v2\/comments?post=59"}],"version-history":[{"count":24,"href":"https:\/\/www.gesw.de\/index.php\/wp-json\/wp\/v2\/pages\/59\/revisions"}],"predecessor-version":[{"id":4577,"href":"https:\/\/www.gesw.de\/index.php\/wp-json\/wp\/v2\/pages\/59\/revisions\/4577"}],"up":[{"embeddable":true,"href":"https:\/\/www.gesw.de\/index.php\/wp-json\/wp\/v2\/pages\/42"}],"wp:attachment":[{"href":"https:\/\/www.gesw.de\/index.php\/wp-json\/wp\/v2\/media?parent=59"}],"curies":[{"name":"wp","href":"https:\/\/api.w.org\/{rel}","templated":true}]}}