{"id":63,"date":"2010-09-14T22:00:34","date_gmt":"2010-09-14T20:00:34","guid":{"rendered":"http:\/\/www.gesw.de\/?page_id=63"},"modified":"2025-12-16T13:23:58","modified_gmt":"2025-12-16T11:23:58","slug":"vorstand","status":"publish","type":"page","link":"https:\/\/www.gesw.de\/index.php\/unser-team\/vorstand\/","title":{"rendered":"Vorstand"},"content":{"rendered":"\n<p>Das Gesamteurop\u00e4ische Studienwerk e.V. (GESW) Vlotho ist ein von einem <strong>Vorstand<\/strong> geleiteter <strong>eingetragener Verein<\/strong>.<\/p>\n\n\n\n<figure class=\"wp-block-table aligncenter\"><table><tbody><tr><td class=\"has-text-align-center\" data-align=\"center\"><img loading=\"lazy\" decoding=\"async\" width=\"150\" height=\"150\" class=\"wp-image-2225\" style=\"width: 150px;\" src=\"https:\/\/www.gesw.de\/uploads\/schuesselbauer_hg_012-1-e1765884227774.jpg\" alt=\"\" srcset=\"https:\/\/www.gesw.de\/uploads\/schuesselbauer_hg_012-1-e1765884227774.jpg 768w, https:\/\/www.gesw.de\/uploads\/schuesselbauer_hg_012-1-e1765884227774-150x150.jpg 150w, https:\/\/www.gesw.de\/uploads\/schuesselbauer_hg_012-1-e1765884227774-300x300.jpg 300w\" sizes=\"auto, (max-width: 150px) 100vw, 150px\" \/><\/td><td class=\"has-text-align-center\" data-align=\"center\"><img decoding=\"async\" src=\"http:\/\/www.gesw.de\/uploads\/mewes-300x300.jpg\" alt=\"\" style=\"width: 150px;\"><\/td><\/tr><tr><td class=\"has-text-align-center\" data-align=\"center\"><strong>Dr. Gerhard Sch\u00fcsselbauer<\/strong><br>Vorstandsvorsitzender<\/td><td class=\"has-text-align-center\" data-align=\"center\"><strong>Harald Meves<\/strong><br>Gesch\u00e4ftsf\u00fchrender Vorstand<\/td><\/tr><\/tbody><\/table><\/figure>\n\n\n\n<figure class=\"wp-block-table\"><table><tbody><tr><td><strong>Ehrungen<\/strong><\/td><td>&nbsp;<\/td><\/tr><tr><td><strong>Dr. Theo Mechtenberg<\/strong><br>Ehrenvorsitzender<\/td><td><strong>Prof. Dr. Helmut Skowronek<\/strong><br>Ehrenmitglied<\/td><\/tr><\/tbody><\/table><\/figure>\n","protected":false},"excerpt":{"rendered":"<p>Das Gesamteurop\u00e4ische Studienwerk e.V. (GESW) Vlotho ist ein von einem Vorstand geleiteter eingetragener Verein. Dr. Gerhard Sch\u00fcsselbauerVorstandsvorsitzender Harald MevesGesch\u00e4ftsf\u00fchrender Vorstand Ehrungen &nbsp; Dr. Theo MechtenbergEhrenvorsitzender Prof. Dr. Helmut SkowronekEhrenmitglied<\/p>\n","protected":false},"author":1,"featured_media":0,"parent":1718,"menu_order":2,"comment_status":"closed","ping_status":"open","template":"","meta":{"ngg_post_thumbnail":0,"generate_page_header":"","footnotes":""},"class_list":["post-63","page","type-page","status-publish"],"_links":{"self":[{"href":"https:\/\/www.gesw.de\/index.php\/wp-json\/wp\/v2\/pages\/63","targetHints":{"allow":["GET"]}}],"collection":[{"href":"https:\/\/www.gesw.de\/index.php\/wp-json\/wp\/v2\/pages"}],"about":[{"href":"https:\/\/www.gesw.de\/index.php\/wp-json\/wp\/v2\/types\/page"}],"author":[{"embeddable":true,"href":"https:\/\/www.gesw.de\/index.php\/wp-json\/wp\/v2\/users\/1"}],"replies":[{"embeddable":true,"href":"https:\/\/www.gesw.de\/index.php\/wp-json\/wp\/v2\/comments?post=63"}],"version-history":[{"count":32,"href":"https:\/\/www.gesw.de\/index.php\/wp-json\/wp\/v2\/pages\/63\/revisions"}],"predecessor-version":[{"id":5198,"href":"https:\/\/www.gesw.de\/index.php\/wp-json\/wp\/v2\/pages\/63\/revisions\/5198"}],"up":[{"embeddable":true,"href":"https:\/\/www.gesw.de\/index.php\/wp-json\/wp\/v2\/pages\/1718"}],"wp:attachment":[{"href":"https:\/\/www.gesw.de\/index.php\/wp-json\/wp\/v2\/media?parent=63"}],"curies":[{"name":"wp","href":"https:\/\/api.w.org\/{rel}","templated":true}]}}